{"id":8183,"date":"2026-02-18T12:15:55","date_gmt":"2026-02-18T11:15:55","guid":{"rendered":"https:\/\/tedsandtails.de\/?post_type=product&#038;p=8183"},"modified":"2026-02-26T17:04:52","modified_gmt":"2026-02-26T16:04:52","slug":"set-y-strap-geschirr-leine-honey-haze","status":"publish","type":"product","link":"https:\/\/tedsandtails.de\/en\/product\/set-y-strap-geschirr-leine-honey-haze\/","title":{"rendered":"Set Y-Strap-Geschirr &amp; Leine &#8211; Honey Haze"},"content":{"rendered":"<p><strong>Stilvoll unterwegs \u2013 mit dem perfekten Set f\u00fcr deinen Hund:<\/strong><br \/>\nDas Y-Strap-Geschirr &amp; Leinen-Set aus der Honey Haze Kollektion vereint Design, Komfort und Funktion in einem.<\/p>\n<p>Enth\u00e4lt ein Y-Geschirr &amp; eine farblich passende Leine<br \/>\nWahl zwischen Standard Leine (150\u202fcm) oder Handsfree-Leine (200\u202fcm)<br \/>\nHandsfree-Leine tragbar als crossbody oder um die Taille \u2013 ideal f\u00fcr Spazierg\u00e4nge mit freien H\u00e4nden<br \/>\nHergestellt aus robustem Nylon und weichem Cord in einem warmen Gelbton<br \/>\nStabile, goldfarbene Ringe und Clip und starke Kunststoffschnallen<br \/>\nGeschirrgr\u00f6\u00dfen: S und M \u2013 Leine in Gr\u00f6\u00dfe M<br \/>\nMix &amp; Match mit allen Honey Haze Artikeln<\/p>\n<p>Das Y-Geschirr ist weich gepolstert, flexibel einstellbar und bietet deinem Hund optimalen Tragekomfort. Dank der durchdachten Passform eignet es sich f\u00fcr Hunde verschiedenster Rassen.<\/p>","protected":false},"excerpt":{"rendered":"<p>Stilvoll unterwegs \u2013 mit dem perfekten Set f\u00fcr deinen Hund: Das Y-Strap-Geschirr &amp; Leinen-Set aus der Honey Haze Kollektion vereint Design, Komfort und Funktion in einem. Enth\u00e4lt ein Y-Geschirr &amp; eine farblich passende Leine Wahl zwischen Standard Leine (150\u202fcm) oder Handsfree-Leine (200\u202fcm) Handsfree-Leine tragbar als crossbody oder um die Taille \u2013 ideal f\u00fcr Spazierg\u00e4nge mit [&hellip;]<\/p>","protected":false},"featured_media":8348,"comment_status":"open","ping_status":"closed","template":"","meta":[],"product_cat":[213,20],"product_tag":[46,85,48,215,36,83,54,53,47,50,214,49,45,44,67,64,86,71,70,84,52,216],"class_list":{"0":"post-8183","1":"product","2":"type-product","3":"status-publish","4":"has-post-thumbnail","6":"product_cat-honey-haze","7":"product_cat-sets","8":"product_tag-dog-accessories","9":"product_tag-dog-set","10":"product_tag-dogs","11":"product_tag-gelb","12":"product_tag-geschirr","13":"product_tag-geschirr-set","14":"product_tag-harnas","15":"product_tag-harness","16":"product_tag-honden","17":"product_tag-hondenaccessoires","18":"product_tag-honey-haze","19":"product_tag-hunden","20":"product_tag-hunden-accessoires","21":"product_tag-hundezubehoer","22":"product_tag-kotbeutelhalter","23":"product_tag-leash","24":"product_tag-leine","25":"product_tag-poepzakhoudertje","26":"product_tag-poepzakjes","27":"product_tag-set","28":"product_tag-tuigje","29":"product_tag-yellow","31":"first","32":"instock","33":"shipping-taxable","34":"purchasable","35":"product-type-variable"},"yoast_head":"<!-- This site is optimized with the Yoast SEO plugin v20.12 - https:\/\/yoast.com\/wordpress\/plugins\/seo\/ -->\n<title>Set Y-Strap-Geschirr &amp; Leine - Honey Haze<\/title>\n<meta name=\"description\" content=\"Stylisches Set mit Y-Geschirr &amp; Leine in einem warmen Gelbton. Die Leine ist auch handsfree tragbar \u2013 crossbody oder um die Taille.\" \/>\n<meta name=\"robots\" content=\"index, follow, max-snippet:-1, max-image-preview:large, max-video-preview:-1\" \/>\n<link rel=\"canonical\" href=\"https:\/\/tedsandtails.de\/en\/product\/set-y-strap-geschirr-leine-honey-haze\/\" \/>\n<meta property=\"og:locale\" content=\"en_GB\" \/>\n<meta property=\"og:type\" content=\"article\" \/>\n<meta property=\"og:title\" content=\"Set Y-Strap-Geschirr &amp; Leine - Honey Haze\" \/>\n<meta property=\"og:description\" content=\"Stylisches Set mit Y-Geschirr &amp; Leine in einem warmen Gelbton. Die Leine ist auch handsfree tragbar \u2013 crossbody oder um die Taille.\" \/>\n<meta property=\"og:url\" content=\"https:\/\/tedsandtails.de\/en\/product\/set-y-strap-geschirr-leine-honey-haze\/\" \/>\n<meta property=\"og:site_name\" content=\"TED&#039;S &amp; TAILS\" \/>\n<meta property=\"article:modified_time\" content=\"2026-02-26T16:04:52+00:00\" \/>\n<meta property=\"og:image\" content=\"https:\/\/tedsandtails.de\/wp-content\/uploads\/2026\/02\/27ec60cb-a7eb-4df1-bcb6-c49eec047270.jpeg\" \/>\n\t<meta property=\"og:image:width\" content=\"1024\" \/>\n\t<meta property=\"og:image:height\" content=\"1536\" \/>\n\t<meta property=\"og:image:type\" content=\"image\/jpeg\" \/>\n<meta name=\"twitter:card\" content=\"summary_large_image\" \/>\n<meta name=\"twitter:label1\" content=\"Est. reading time\" \/>\n\t<meta name=\"twitter:data1\" content=\"1 minute\" \/>\n<script type=\"application\/ld+json\" class=\"yoast-schema-graph\">{\"@context\":\"https:\/\/schema.org\",\"@graph\":[{\"@type\":\"WebPage\",\"@id\":\"https:\/\/tedsandtails.de\/produkt\/set-y-strap-geschirr-leine-honey-haze\/\",\"url\":\"https:\/\/tedsandtails.de\/produkt\/set-y-strap-geschirr-leine-honey-haze\/\",\"name\":\"Set Y-Strap-Geschirr & Leine - Honey Haze\",\"isPartOf\":{\"@id\":\"https:\/\/tedsandtails.de\/#website\"},\"datePublished\":\"2026-02-18T11:15:55+00:00\",\"dateModified\":\"2026-02-26T16:04:52+00:00\",\"description\":\"Stylisches Set mit Y-Geschirr & Leine in einem warmen Gelbton. Die Leine ist auch handsfree tragbar \u2013 crossbody oder um die Taille.\",\"breadcrumb\":{\"@id\":\"https:\/\/tedsandtails.de\/produkt\/set-y-strap-geschirr-leine-honey-haze\/#breadcrumb\"},\"inLanguage\":\"en-GB\",\"potentialAction\":[{\"@type\":\"ReadAction\",\"target\":[\"https:\/\/tedsandtails.de\/produkt\/set-y-strap-geschirr-leine-honey-haze\/\"]}]},{\"@type\":\"BreadcrumbList\",\"@id\":\"https:\/\/tedsandtails.de\/produkt\/set-y-strap-geschirr-leine-honey-haze\/#breadcrumb\",\"itemListElement\":[{\"@type\":\"ListItem\",\"position\":1,\"name\":\"Startseite\",\"item\":\"https:\/\/tedsandtails.de\/\"},{\"@type\":\"ListItem\",\"position\":2,\"name\":\"Shop\",\"item\":\"https:\/\/tedsandtails.de\/shop\/\"},{\"@type\":\"ListItem\",\"position\":3,\"name\":\"Set Y-Strap-Geschirr &amp; Leine &#8211; Honey Haze\"}]},{\"@type\":\"WebSite\",\"@id\":\"https:\/\/tedsandtails.de\/#website\",\"url\":\"https:\/\/tedsandtails.de\/\",\"name\":\"TED&#039;S &amp; TAILS\",\"description\":\"\",\"publisher\":{\"@id\":\"https:\/\/tedsandtails.de\/#organization\"},\"potentialAction\":[{\"@type\":\"SearchAction\",\"target\":{\"@type\":\"EntryPoint\",\"urlTemplate\":\"https:\/\/tedsandtails.de\/?s={search_term_string}\"},\"query-input\":\"required name=search_term_string\"}],\"inLanguage\":\"en-GB\"},{\"@type\":\"Organization\",\"@id\":\"https:\/\/tedsandtails.de\/#organization\",\"name\":\"TED&#039;S &amp; TAILS\",\"url\":\"https:\/\/tedsandtails.de\/\",\"logo\":{\"@type\":\"ImageObject\",\"inLanguage\":\"en-GB\",\"@id\":\"https:\/\/tedsandtails.de\/#\/schema\/logo\/image\/\",\"url\":\"https:\/\/tedsandtails.de\/wp-content\/uploads\/2022\/09\/Teddys-5.png\",\"contentUrl\":\"https:\/\/tedsandtails.de\/wp-content\/uploads\/2022\/09\/Teddys-5.png\",\"width\":1080,\"height\":1080,\"caption\":\"TED&#039;S &amp; TAILS\"},\"image\":{\"@id\":\"https:\/\/tedsandtails.de\/#\/schema\/logo\/image\/\"}}]}<\/script>\n<!-- \/ Yoast SEO plugin. -->","yoast_head_json":{"title":"Set Y-Strap-Geschirr & Leine - Honey Haze","description":"Stylisches Set mit Y-Geschirr & Leine in einem warmen Gelbton. Die Leine ist auch handsfree tragbar \u2013 crossbody oder um die Taille.","robots":{"index":"index","follow":"follow","max-snippet":"max-snippet:-1","max-image-preview":"max-image-preview:large","max-video-preview":"max-video-preview:-1"},"canonical":"https:\/\/tedsandtails.de\/en\/product\/set-y-strap-geschirr-leine-honey-haze\/","og_locale":"en_GB","og_type":"article","og_title":"Set Y-Strap-Geschirr & Leine - Honey Haze","og_description":"Stylisches Set mit Y-Geschirr & Leine in einem warmen Gelbton. Die Leine ist auch handsfree tragbar \u2013 crossbody oder um die Taille.","og_url":"https:\/\/tedsandtails.de\/en\/product\/set-y-strap-geschirr-leine-honey-haze\/","og_site_name":"TED&#039;S &amp; TAILS","article_modified_time":"2026-02-26T16:04:52+00:00","og_image":[{"width":1024,"height":1536,"url":"https:\/\/tedsandtails.de\/wp-content\/uploads\/2026\/02\/27ec60cb-a7eb-4df1-bcb6-c49eec047270.jpeg","type":"image\/jpeg"}],"twitter_card":"summary_large_image","twitter_misc":{"Est. reading time":"1 minute"},"schema":{"@context":"https:\/\/schema.org","@graph":[{"@type":"WebPage","@id":"https:\/\/tedsandtails.de\/produkt\/set-y-strap-geschirr-leine-honey-haze\/","url":"https:\/\/tedsandtails.de\/produkt\/set-y-strap-geschirr-leine-honey-haze\/","name":"Set Y-Strap-Geschirr & Leine - Honey Haze","isPartOf":{"@id":"https:\/\/tedsandtails.de\/#website"},"datePublished":"2026-02-18T11:15:55+00:00","dateModified":"2026-02-26T16:04:52+00:00","description":"Stylisches Set mit Y-Geschirr & Leine in einem warmen Gelbton. Die Leine ist auch handsfree tragbar \u2013 crossbody oder um die Taille.","breadcrumb":{"@id":"https:\/\/tedsandtails.de\/produkt\/set-y-strap-geschirr-leine-honey-haze\/#breadcrumb"},"inLanguage":"en-GB","potentialAction":[{"@type":"ReadAction","target":["https:\/\/tedsandtails.de\/produkt\/set-y-strap-geschirr-leine-honey-haze\/"]}]},{"@type":"BreadcrumbList","@id":"https:\/\/tedsandtails.de\/produkt\/set-y-strap-geschirr-leine-honey-haze\/#breadcrumb","itemListElement":[{"@type":"ListItem","position":1,"name":"Startseite","item":"https:\/\/tedsandtails.de\/"},{"@type":"ListItem","position":2,"name":"Shop","item":"https:\/\/tedsandtails.de\/shop\/"},{"@type":"ListItem","position":3,"name":"Set Y-Strap-Geschirr &amp; Leine &#8211; Honey Haze"}]},{"@type":"WebSite","@id":"https:\/\/tedsandtails.de\/#website","url":"https:\/\/tedsandtails.de\/","name":"TED&#039;S &amp; TAILS","description":"","publisher":{"@id":"https:\/\/tedsandtails.de\/#organization"},"potentialAction":[{"@type":"SearchAction","target":{"@type":"EntryPoint","urlTemplate":"https:\/\/tedsandtails.de\/?s={search_term_string}"},"query-input":"required name=search_term_string"}],"inLanguage":"en-GB"},{"@type":"Organization","@id":"https:\/\/tedsandtails.de\/#organization","name":"TED&#039;S &amp; TAILS","url":"https:\/\/tedsandtails.de\/","logo":{"@type":"ImageObject","inLanguage":"en-GB","@id":"https:\/\/tedsandtails.de\/#\/schema\/logo\/image\/","url":"https:\/\/tedsandtails.de\/wp-content\/uploads\/2022\/09\/Teddys-5.png","contentUrl":"https:\/\/tedsandtails.de\/wp-content\/uploads\/2022\/09\/Teddys-5.png","width":1080,"height":1080,"caption":"TED&#039;S &amp; TAILS"},"image":{"@id":"https:\/\/tedsandtails.de\/#\/schema\/logo\/image\/"}}]}},"_links":{"self":[{"href":"https:\/\/tedsandtails.de\/en\/wp-json\/wp\/v2\/product\/8183","targetHints":{"allow":["GET"]}}],"collection":[{"href":"https:\/\/tedsandtails.de\/en\/wp-json\/wp\/v2\/product"}],"about":[{"href":"https:\/\/tedsandtails.de\/en\/wp-json\/wp\/v2\/types\/product"}],"replies":[{"embeddable":true,"href":"https:\/\/tedsandtails.de\/en\/wp-json\/wp\/v2\/comments?post=8183"}],"wp:featuredmedia":[{"embeddable":true,"href":"https:\/\/tedsandtails.de\/en\/wp-json\/wp\/v2\/media\/8348"}],"wp:attachment":[{"href":"https:\/\/tedsandtails.de\/en\/wp-json\/wp\/v2\/media?parent=8183"}],"wp:term":[{"taxonomy":"product_cat","embeddable":true,"href":"https:\/\/tedsandtails.de\/en\/wp-json\/wp\/v2\/product_cat?post=8183"},{"taxonomy":"product_tag","embeddable":true,"href":"https:\/\/tedsandtails.de\/en\/wp-json\/wp\/v2\/product_tag?post=8183"}],"curies":[{"name":"wp","href":"https:\/\/api.w.org\/{rel}","templated":true}]}}