{"id":8190,"date":"2026-02-18T12:16:04","date_gmt":"2026-02-18T11:16:04","guid":{"rendered":"https:\/\/tedsandtails.de\/?post_type=product&#038;p=8190"},"modified":"2026-02-26T17:05:08","modified_gmt":"2026-02-26T16:05:08","slug":"set-halsband-hundefliege-honey-haze","status":"publish","type":"product","link":"https:\/\/tedsandtails.de\/en\/product\/set-halsband-hundefliege-honey-haze\/","title":{"rendered":"Set Halsband &amp; Hundefliege &#8211; Honey Haze"},"content":{"rendered":"<p>Du bist auf der Suche nach den sch\u00f6nsten Accessoires f\u00fcr deinen Hund, die den aktuellen Trends entsprechen? Dann ist dieses Set mit Halsband und Hundefliege aus der Honey Haze Kollektion genau das Richtige f\u00fcr dich!<\/p>\n<p>Mix &amp; match with all the other products in this collection to complete the look.<\/p>\n<p>The bow tie can be attached to the matching collar with a black velcro fastener.<\/p>\n<p>Das Halsband und die Hundeschleife sind aus einem sch\u00f6nen, warmgelben Cordstoff gefertigt und haben goldene Ringe und eine starke Kunststoffschnalle. Die Dicke und Gr\u00f6\u00dfe des Halsbandes, der Verschl\u00fcsse und der Ringe werden an die Gr\u00f6\u00dfe des Halsbandes angepasst. Das Halsband ist in den Gr\u00f6\u00dfen XS bis L erh\u00e4ltlich. Du fragst dich, welche Gr\u00f6\u00dfe dein Hund hat? Sieh dir unsere Gr\u00f6\u00dfentabelle an.<\/p>","protected":false},"excerpt":{"rendered":"<p>Du bist auf der Suche nach den sch\u00f6nsten Accessoires f\u00fcr deinen Hund, die den aktuellen Trends entsprechen? Dann ist dieses Set mit Halsband und Hundefliege aus der Honey Haze Kollektion genau das Richtige f\u00fcr dich! Mix &amp; Match mit allen anderen Produkten dieser Kollektion, um den Look zu vervollst\u00e4ndigen. Die Fliege kann mit einem schwarzen [&hellip;]<\/p>","protected":false},"featured_media":8256,"comment_status":"open","ping_status":"closed","template":"","meta":[],"product_cat":[213,20],"product_tag":[78,79,62,143,144,46,82,85,75,76,215,61,47,50,81,214,77,44,80,216],"class_list":{"0":"post-8190","1":"product","2":"type-product","3":"status-publish","4":"has-post-thumbnail","6":"product_cat-honey-haze","7":"product_cat-sets","8":"product_tag-bow","9":"product_tag-bow-tie","10":"product_tag-collar","11":"product_tag-cord","12":"product_tag-corduroy","13":"product_tag-dog-accessories","14":"product_tag-dog-bow-tie","15":"product_tag-dog-set","16":"product_tag-fliege","17":"product_tag-fliegen","18":"product_tag-gelb","19":"product_tag-halsband","20":"product_tag-honden","21":"product_tag-hondenaccessoires","22":"product_tag-hondenstrikje","23":"product_tag-honey-haze","24":"product_tag-hundefliege","25":"product_tag-hundezubehoer","26":"product_tag-strikje","27":"product_tag-yellow","29":"first","30":"instock","31":"shipping-taxable","32":"purchasable","33":"product-type-variable"},"yoast_head":"<!-- This site is optimized with the Yoast SEO plugin v20.12 - https:\/\/yoast.com\/wordpress\/plugins\/seo\/ -->\n<title>Set Halsband &amp; Hundefliege - Honey Haze - TED&#039;S &amp; TAILS<\/title>\n<meta name=\"description\" content=\"Entdecke das stilvolle Set aus Halsband und Hundefliege in Honey Haze \u2013 hochwertiger Cordstoff, goldene Details und perfekte Passform f\u00fcr Hunde von XS bis L. Mix &amp; Match mit der Honey Haze Kollektion.\" \/>\n<meta name=\"robots\" content=\"index, follow, max-snippet:-1, max-image-preview:large, max-video-preview:-1\" \/>\n<link rel=\"canonical\" href=\"https:\/\/tedsandtails.de\/en\/product\/set-halsband-hundefliege-honey-haze\/\" \/>\n<meta property=\"og:locale\" content=\"en_GB\" \/>\n<meta property=\"og:type\" content=\"article\" \/>\n<meta property=\"og:title\" content=\"Set Halsband &amp; Hundefliege - Honey Haze - TED&#039;S &amp; TAILS\" \/>\n<meta property=\"og:description\" content=\"Entdecke das stilvolle Set aus Halsband und Hundefliege in Honey Haze \u2013 hochwertiger Cordstoff, goldene Details und perfekte Passform f\u00fcr Hunde von XS bis L. Mix &amp; Match mit der Honey Haze Kollektion.\" \/>\n<meta property=\"og:url\" content=\"https:\/\/tedsandtails.de\/en\/product\/set-halsband-hundefliege-honey-haze\/\" \/>\n<meta property=\"og:site_name\" content=\"TED&#039;S &amp; TAILS\" \/>\n<meta property=\"article:modified_time\" content=\"2026-02-26T16:05:08+00:00\" \/>\n<meta property=\"og:image\" content=\"https:\/\/tedsandtails.de\/wp-content\/uploads\/2026\/02\/568dec24-579f-439a-af40-1793b4f81374.jpeg\" \/>\n\t<meta property=\"og:image:width\" content=\"1024\" \/>\n\t<meta property=\"og:image:height\" content=\"1536\" \/>\n\t<meta property=\"og:image:type\" content=\"image\/jpeg\" \/>\n<meta name=\"twitter:card\" content=\"summary_large_image\" \/>\n<meta name=\"twitter:label1\" content=\"Est. reading time\" \/>\n\t<meta name=\"twitter:data1\" content=\"1 minute\" \/>\n<script type=\"application\/ld+json\" class=\"yoast-schema-graph\">{\"@context\":\"https:\/\/schema.org\",\"@graph\":[{\"@type\":\"WebPage\",\"@id\":\"https:\/\/tedsandtails.de\/produkt\/set-halsband-hundefliege-honey-haze\/\",\"url\":\"https:\/\/tedsandtails.de\/produkt\/set-halsband-hundefliege-honey-haze\/\",\"name\":\"Set Halsband &amp; Hundefliege - Honey Haze - TED&#039;S &amp; TAILS\",\"isPartOf\":{\"@id\":\"https:\/\/tedsandtails.de\/#website\"},\"datePublished\":\"2026-02-18T11:16:04+00:00\",\"dateModified\":\"2026-02-26T16:05:08+00:00\",\"description\":\"Entdecke das stilvolle Set aus Halsband und Hundefliege in Honey Haze \u2013 hochwertiger Cordstoff, goldene Details und perfekte Passform f\u00fcr Hunde von XS bis L. Mix & Match mit der Honey Haze Kollektion.\",\"breadcrumb\":{\"@id\":\"https:\/\/tedsandtails.de\/produkt\/set-halsband-hundefliege-honey-haze\/#breadcrumb\"},\"inLanguage\":\"en-GB\",\"potentialAction\":[{\"@type\":\"ReadAction\",\"target\":[\"https:\/\/tedsandtails.de\/produkt\/set-halsband-hundefliege-honey-haze\/\"]}]},{\"@type\":\"BreadcrumbList\",\"@id\":\"https:\/\/tedsandtails.de\/produkt\/set-halsband-hundefliege-honey-haze\/#breadcrumb\",\"itemListElement\":[{\"@type\":\"ListItem\",\"position\":1,\"name\":\"Startseite\",\"item\":\"https:\/\/tedsandtails.de\/\"},{\"@type\":\"ListItem\",\"position\":2,\"name\":\"Shop\",\"item\":\"https:\/\/tedsandtails.de\/shop\/\"},{\"@type\":\"ListItem\",\"position\":3,\"name\":\"Set Halsband &amp; Hundefliege &#8211; Honey Haze\"}]},{\"@type\":\"WebSite\",\"@id\":\"https:\/\/tedsandtails.de\/#website\",\"url\":\"https:\/\/tedsandtails.de\/\",\"name\":\"TED&#039;S &amp; TAILS\",\"description\":\"\",\"publisher\":{\"@id\":\"https:\/\/tedsandtails.de\/#organization\"},\"potentialAction\":[{\"@type\":\"SearchAction\",\"target\":{\"@type\":\"EntryPoint\",\"urlTemplate\":\"https:\/\/tedsandtails.de\/?s={search_term_string}\"},\"query-input\":\"required name=search_term_string\"}],\"inLanguage\":\"en-GB\"},{\"@type\":\"Organization\",\"@id\":\"https:\/\/tedsandtails.de\/#organization\",\"name\":\"TED&#039;S &amp; TAILS\",\"url\":\"https:\/\/tedsandtails.de\/\",\"logo\":{\"@type\":\"ImageObject\",\"inLanguage\":\"en-GB\",\"@id\":\"https:\/\/tedsandtails.de\/#\/schema\/logo\/image\/\",\"url\":\"https:\/\/tedsandtails.de\/wp-content\/uploads\/2022\/09\/Teddys-5.png\",\"contentUrl\":\"https:\/\/tedsandtails.de\/wp-content\/uploads\/2022\/09\/Teddys-5.png\",\"width\":1080,\"height\":1080,\"caption\":\"TED&#039;S &amp; TAILS\"},\"image\":{\"@id\":\"https:\/\/tedsandtails.de\/#\/schema\/logo\/image\/\"}}]}<\/script>\n<!-- \/ Yoast SEO plugin. -->","yoast_head_json":{"title":"Set Halsband &amp; Hundefliege - Honey Haze - TED&#039;S &amp; TAILS","description":"Entdecke das stilvolle Set aus Halsband und Hundefliege in Honey Haze \u2013 hochwertiger Cordstoff, goldene Details und perfekte Passform f\u00fcr Hunde von XS bis L. Mix & Match mit der Honey Haze Kollektion.","robots":{"index":"index","follow":"follow","max-snippet":"max-snippet:-1","max-image-preview":"max-image-preview:large","max-video-preview":"max-video-preview:-1"},"canonical":"https:\/\/tedsandtails.de\/en\/product\/set-halsband-hundefliege-honey-haze\/","og_locale":"en_GB","og_type":"article","og_title":"Set Halsband &amp; Hundefliege - Honey Haze - TED&#039;S &amp; TAILS","og_description":"Entdecke das stilvolle Set aus Halsband und Hundefliege in Honey Haze \u2013 hochwertiger Cordstoff, goldene Details und perfekte Passform f\u00fcr Hunde von XS bis L. Mix & Match mit der Honey Haze Kollektion.","og_url":"https:\/\/tedsandtails.de\/en\/product\/set-halsband-hundefliege-honey-haze\/","og_site_name":"TED&#039;S &amp; TAILS","article_modified_time":"2026-02-26T16:05:08+00:00","og_image":[{"width":1024,"height":1536,"url":"https:\/\/tedsandtails.de\/wp-content\/uploads\/2026\/02\/568dec24-579f-439a-af40-1793b4f81374.jpeg","type":"image\/jpeg"}],"twitter_card":"summary_large_image","twitter_misc":{"Est. reading time":"1 minute"},"schema":{"@context":"https:\/\/schema.org","@graph":[{"@type":"WebPage","@id":"https:\/\/tedsandtails.de\/produkt\/set-halsband-hundefliege-honey-haze\/","url":"https:\/\/tedsandtails.de\/produkt\/set-halsband-hundefliege-honey-haze\/","name":"Set Halsband &amp; Hundefliege - Honey Haze - TED&#039;S &amp; TAILS","isPartOf":{"@id":"https:\/\/tedsandtails.de\/#website"},"datePublished":"2026-02-18T11:16:04+00:00","dateModified":"2026-02-26T16:05:08+00:00","description":"Entdecke das stilvolle Set aus Halsband und Hundefliege in Honey Haze \u2013 hochwertiger Cordstoff, goldene Details und perfekte Passform f\u00fcr Hunde von XS bis L. Mix & Match mit der Honey Haze Kollektion.","breadcrumb":{"@id":"https:\/\/tedsandtails.de\/produkt\/set-halsband-hundefliege-honey-haze\/#breadcrumb"},"inLanguage":"en-GB","potentialAction":[{"@type":"ReadAction","target":["https:\/\/tedsandtails.de\/produkt\/set-halsband-hundefliege-honey-haze\/"]}]},{"@type":"BreadcrumbList","@id":"https:\/\/tedsandtails.de\/produkt\/set-halsband-hundefliege-honey-haze\/#breadcrumb","itemListElement":[{"@type":"ListItem","position":1,"name":"Startseite","item":"https:\/\/tedsandtails.de\/"},{"@type":"ListItem","position":2,"name":"Shop","item":"https:\/\/tedsandtails.de\/shop\/"},{"@type":"ListItem","position":3,"name":"Set Halsband &amp; Hundefliege &#8211; Honey Haze"}]},{"@type":"WebSite","@id":"https:\/\/tedsandtails.de\/#website","url":"https:\/\/tedsandtails.de\/","name":"TED&#039;S &amp; TAILS","description":"","publisher":{"@id":"https:\/\/tedsandtails.de\/#organization"},"potentialAction":[{"@type":"SearchAction","target":{"@type":"EntryPoint","urlTemplate":"https:\/\/tedsandtails.de\/?s={search_term_string}"},"query-input":"required name=search_term_string"}],"inLanguage":"en-GB"},{"@type":"Organization","@id":"https:\/\/tedsandtails.de\/#organization","name":"TED&#039;S &amp; TAILS","url":"https:\/\/tedsandtails.de\/","logo":{"@type":"ImageObject","inLanguage":"en-GB","@id":"https:\/\/tedsandtails.de\/#\/schema\/logo\/image\/","url":"https:\/\/tedsandtails.de\/wp-content\/uploads\/2022\/09\/Teddys-5.png","contentUrl":"https:\/\/tedsandtails.de\/wp-content\/uploads\/2022\/09\/Teddys-5.png","width":1080,"height":1080,"caption":"TED&#039;S &amp; TAILS"},"image":{"@id":"https:\/\/tedsandtails.de\/#\/schema\/logo\/image\/"}}]}},"_links":{"self":[{"href":"https:\/\/tedsandtails.de\/en\/wp-json\/wp\/v2\/product\/8190","targetHints":{"allow":["GET"]}}],"collection":[{"href":"https:\/\/tedsandtails.de\/en\/wp-json\/wp\/v2\/product"}],"about":[{"href":"https:\/\/tedsandtails.de\/en\/wp-json\/wp\/v2\/types\/product"}],"replies":[{"embeddable":true,"href":"https:\/\/tedsandtails.de\/en\/wp-json\/wp\/v2\/comments?post=8190"}],"wp:featuredmedia":[{"embeddable":true,"href":"https:\/\/tedsandtails.de\/en\/wp-json\/wp\/v2\/media\/8256"}],"wp:attachment":[{"href":"https:\/\/tedsandtails.de\/en\/wp-json\/wp\/v2\/media?parent=8190"}],"wp:term":[{"taxonomy":"product_cat","embeddable":true,"href":"https:\/\/tedsandtails.de\/en\/wp-json\/wp\/v2\/product_cat?post=8190"},{"taxonomy":"product_tag","embeddable":true,"href":"https:\/\/tedsandtails.de\/en\/wp-json\/wp\/v2\/product_tag?post=8190"}],"curies":[{"name":"wp","href":"https:\/\/api.w.org\/{rel}","templated":true}]}}