{"id":8210,"date":"2026-02-18T12:16:20","date_gmt":"2026-02-18T11:16:20","guid":{"rendered":"https:\/\/tedsandtails.de\/?post_type=product&#038;p=8210"},"modified":"2026-03-07T18:17:22","modified_gmt":"2026-03-07T17:17:22","slug":"set-halsband-leine-honey-haze","status":"publish","type":"product","link":"https:\/\/tedsandtails.de\/en\/product\/set-halsband-leine-honey-haze\/","title":{"rendered":"Set Halsband &amp; Leine &#8211; Honey Haze"},"content":{"rendered":"<p data-start=\"78\" data-end=\"242\">Du suchst nach trendigem und hochwertigem Hundezubeh\u00f6r? Dann ist unser Set Halsband &amp; Leine \u2013 Honey Haze genau das Richtige f\u00fcr dich und deinen Vierbeiner!<\/p>\n<p data-start=\"244\" data-end=\"459\">Dieses 2-teilige Set aus der beliebten Honey Haze Kollektion beinhaltet:<br data-start=\"323\" data-end=\"326\" \/>\u2713 ein verstellbares Halsband in den Gr\u00f6\u00dfen XS\u2013L<br data-start=\"373\" data-end=\"376\" \/>\u2713 eine passende Hundeleine in Gr\u00f6\u00dfe M (wahlweise klassische oder Handsfree-Leine)<\/p>\n<p data-start=\"461\" data-end=\"705\">Das Halsband und die Leine sind aus einem sch\u00f6nen, warmgelben Cordstoff gefertigt und haben goldene Ringe und eine starke Kunststoffschnalle. Die Breite und St\u00e4rke der Materialien sind optimal auf die jeweilige Gr\u00f6\u00dfe abgestimmt und sorgen f\u00fcr Komfort und Sicherheit.<\/p>\n<p data-start=\"707\" data-end=\"917\">W\u00e4hle zwischen:<br data-start=\"722\" data-end=\"725\" \/>\u2013 einer klassischen Leine (2\u202fcm x 150\u202fcm)<br data-start=\"766\" data-end=\"769\" \/>\u2013 einer praktischen Handsfree-Leine, die auch crossbody getragen werden kann \u2013 ideal f\u00fcr entspannte Spazierg\u00e4nge mit freien H\u00e4nden (2\u202fcm x 200\u202fcm)<\/p>\n<p data-start=\"919\" data-end=\"1154\">Das Set l\u00e4sst sich wunderbar mit weiteren Accessoires der Honey Haze Kollektion kombinieren \u2013 f\u00fcr einen stilvollen, abgestimmten Look. Du bist unsicher bei der Gr\u00f6\u00dfe? In unserer Gr\u00f6\u00dfentabelle findest du alle Ma\u00dfe im \u00dcberblick.<\/p>\n<p>&nbsp;<\/p>","protected":false},"excerpt":{"rendered":"<p>Du suchst nach trendigem und hochwertigem Hundezubeh\u00f6r? Dann ist unser Set Halsband &amp; Leine \u2013 Honey Haze genau das Richtige f\u00fcr dich und deinen Vierbeiner! Dieses 2-teilige Set aus der beliebten Honey Haze Kollektion beinhaltet:\u2713 ein verstellbares Halsband in den Gr\u00f6\u00dfen XS\u2013L\u2713 eine passende Hundeleine in Gr\u00f6\u00dfe M (wahlweise klassische oder Handsfree-Leine) Das Halsband und [&hellip;]<\/p>","protected":false},"featured_media":8251,"comment_status":"open","ping_status":"closed","template":"","meta":[],"product_cat":[213,20],"product_tag":[62,143,144,46,85,48,61,47,50,214,63,49,45,44,64,86,84],"class_list":{"0":"post-8210","1":"product","2":"type-product","3":"status-publish","4":"has-post-thumbnail","6":"product_cat-honey-haze","7":"product_cat-sets","8":"product_tag-collar","9":"product_tag-cord","10":"product_tag-corduroy","11":"product_tag-dog-accessories","12":"product_tag-dog-set","13":"product_tag-dogs","14":"product_tag-halsband","15":"product_tag-honden","16":"product_tag-hondenaccessoires","17":"product_tag-honey-haze","18":"product_tag-hundeleine","19":"product_tag-hunden","20":"product_tag-hunden-accessoires","21":"product_tag-hundezubehoer","22":"product_tag-leash","23":"product_tag-leine","24":"product_tag-set","26":"first","27":"instock","28":"shipping-taxable","29":"purchasable","30":"product-type-variable","31":"has-default-attributes"},"yoast_head":"<!-- This site is optimized with the Yoast SEO plugin v20.12 - https:\/\/yoast.com\/wordpress\/plugins\/seo\/ -->\n<title>Set Halsband &amp; Leine \u2013 Honey Haze<\/title>\n<meta name=\"description\" content=\"Gelbes Halsband &amp; Leine Set aus Cordstoff mit goldenen Details \u2013 stilvoll, robust und perfekt abgestimmt. In XS bis L erh\u00e4ltlich. Jetzt entdecken!\" \/>\n<meta name=\"robots\" content=\"index, follow, max-snippet:-1, max-image-preview:large, max-video-preview:-1\" \/>\n<link rel=\"canonical\" href=\"https:\/\/tedsandtails.de\/en\/product\/set-halsband-leine-honey-haze\/\" \/>\n<meta property=\"og:locale\" content=\"en_GB\" \/>\n<meta property=\"og:type\" content=\"article\" \/>\n<meta property=\"og:title\" content=\"Set Halsband &amp; Leine \u2013 Honey Haze\" \/>\n<meta property=\"og:description\" content=\"Gelbes Halsband &amp; Leine Set aus Cordstoff mit goldenen Details \u2013 stilvoll, robust und perfekt abgestimmt. In XS bis L erh\u00e4ltlich. Jetzt entdecken!\" \/>\n<meta property=\"og:url\" content=\"https:\/\/tedsandtails.de\/en\/product\/set-halsband-leine-honey-haze\/\" \/>\n<meta property=\"og:site_name\" content=\"TED&#039;S &amp; TAILS\" \/>\n<meta property=\"article:modified_time\" content=\"2026-03-07T17:17:22+00:00\" \/>\n<meta property=\"og:image\" content=\"https:\/\/tedsandtails.de\/wp-content\/uploads\/2026\/02\/7aed0af0-bc81-4fce-968f-8b9eb40342b8-1.jpeg\" \/>\n\t<meta property=\"og:image:width\" content=\"1024\" \/>\n\t<meta property=\"og:image:height\" content=\"1536\" \/>\n\t<meta property=\"og:image:type\" content=\"image\/jpeg\" \/>\n<meta name=\"twitter:card\" content=\"summary_large_image\" \/>\n<meta name=\"twitter:label1\" content=\"Est. reading time\" \/>\n\t<meta name=\"twitter:data1\" content=\"1 minute\" \/>\n<script type=\"application\/ld+json\" class=\"yoast-schema-graph\">{\"@context\":\"https:\/\/schema.org\",\"@graph\":[{\"@type\":\"WebPage\",\"@id\":\"https:\/\/tedsandtails.de\/produkt\/set-halsband-leine-honey-haze\/\",\"url\":\"https:\/\/tedsandtails.de\/produkt\/set-halsband-leine-honey-haze\/\",\"name\":\"Set Halsband & Leine \u2013 Honey Haze\",\"isPartOf\":{\"@id\":\"https:\/\/tedsandtails.de\/#website\"},\"datePublished\":\"2026-02-18T11:16:20+00:00\",\"dateModified\":\"2026-03-07T17:17:22+00:00\",\"description\":\"Gelbes Halsband & Leine Set aus Cordstoff mit goldenen Details \u2013 stilvoll, robust und perfekt abgestimmt. In XS bis L erh\u00e4ltlich. Jetzt entdecken!\",\"breadcrumb\":{\"@id\":\"https:\/\/tedsandtails.de\/produkt\/set-halsband-leine-honey-haze\/#breadcrumb\"},\"inLanguage\":\"en-GB\",\"potentialAction\":[{\"@type\":\"ReadAction\",\"target\":[\"https:\/\/tedsandtails.de\/produkt\/set-halsband-leine-honey-haze\/\"]}]},{\"@type\":\"BreadcrumbList\",\"@id\":\"https:\/\/tedsandtails.de\/produkt\/set-halsband-leine-honey-haze\/#breadcrumb\",\"itemListElement\":[{\"@type\":\"ListItem\",\"position\":1,\"name\":\"Startseite\",\"item\":\"https:\/\/tedsandtails.de\/\"},{\"@type\":\"ListItem\",\"position\":2,\"name\":\"Shop\",\"item\":\"https:\/\/tedsandtails.de\/shop\/\"},{\"@type\":\"ListItem\",\"position\":3,\"name\":\"Set Halsband &amp; Leine &#8211; Honey Haze\"}]},{\"@type\":\"WebSite\",\"@id\":\"https:\/\/tedsandtails.de\/#website\",\"url\":\"https:\/\/tedsandtails.de\/\",\"name\":\"TED&#039;S &amp; TAILS\",\"description\":\"\",\"publisher\":{\"@id\":\"https:\/\/tedsandtails.de\/#organization\"},\"potentialAction\":[{\"@type\":\"SearchAction\",\"target\":{\"@type\":\"EntryPoint\",\"urlTemplate\":\"https:\/\/tedsandtails.de\/?s={search_term_string}\"},\"query-input\":\"required name=search_term_string\"}],\"inLanguage\":\"en-GB\"},{\"@type\":\"Organization\",\"@id\":\"https:\/\/tedsandtails.de\/#organization\",\"name\":\"TED&#039;S &amp; TAILS\",\"url\":\"https:\/\/tedsandtails.de\/\",\"logo\":{\"@type\":\"ImageObject\",\"inLanguage\":\"en-GB\",\"@id\":\"https:\/\/tedsandtails.de\/#\/schema\/logo\/image\/\",\"url\":\"https:\/\/tedsandtails.de\/wp-content\/uploads\/2022\/09\/Teddys-5.png\",\"contentUrl\":\"https:\/\/tedsandtails.de\/wp-content\/uploads\/2022\/09\/Teddys-5.png\",\"width\":1080,\"height\":1080,\"caption\":\"TED&#039;S &amp; TAILS\"},\"image\":{\"@id\":\"https:\/\/tedsandtails.de\/#\/schema\/logo\/image\/\"}}]}<\/script>\n<!-- \/ Yoast SEO plugin. -->","yoast_head_json":{"title":"Set Halsband & Leine \u2013 Honey Haze","description":"Gelbes Halsband & Leine Set aus Cordstoff mit goldenen Details \u2013 stilvoll, robust und perfekt abgestimmt. In XS bis L erh\u00e4ltlich. Jetzt entdecken!","robots":{"index":"index","follow":"follow","max-snippet":"max-snippet:-1","max-image-preview":"max-image-preview:large","max-video-preview":"max-video-preview:-1"},"canonical":"https:\/\/tedsandtails.de\/en\/product\/set-halsband-leine-honey-haze\/","og_locale":"en_GB","og_type":"article","og_title":"Set Halsband & Leine \u2013 Honey Haze","og_description":"Gelbes Halsband & Leine Set aus Cordstoff mit goldenen Details \u2013 stilvoll, robust und perfekt abgestimmt. In XS bis L erh\u00e4ltlich. Jetzt entdecken!","og_url":"https:\/\/tedsandtails.de\/en\/product\/set-halsband-leine-honey-haze\/","og_site_name":"TED&#039;S &amp; TAILS","article_modified_time":"2026-03-07T17:17:22+00:00","og_image":[{"width":1024,"height":1536,"url":"https:\/\/tedsandtails.de\/wp-content\/uploads\/2026\/02\/7aed0af0-bc81-4fce-968f-8b9eb40342b8-1.jpeg","type":"image\/jpeg"}],"twitter_card":"summary_large_image","twitter_misc":{"Est. reading time":"1 minute"},"schema":{"@context":"https:\/\/schema.org","@graph":[{"@type":"WebPage","@id":"https:\/\/tedsandtails.de\/produkt\/set-halsband-leine-honey-haze\/","url":"https:\/\/tedsandtails.de\/produkt\/set-halsband-leine-honey-haze\/","name":"Set Halsband & Leine \u2013 Honey Haze","isPartOf":{"@id":"https:\/\/tedsandtails.de\/#website"},"datePublished":"2026-02-18T11:16:20+00:00","dateModified":"2026-03-07T17:17:22+00:00","description":"Gelbes Halsband & Leine Set aus Cordstoff mit goldenen Details \u2013 stilvoll, robust und perfekt abgestimmt. In XS bis L erh\u00e4ltlich. Jetzt entdecken!","breadcrumb":{"@id":"https:\/\/tedsandtails.de\/produkt\/set-halsband-leine-honey-haze\/#breadcrumb"},"inLanguage":"en-GB","potentialAction":[{"@type":"ReadAction","target":["https:\/\/tedsandtails.de\/produkt\/set-halsband-leine-honey-haze\/"]}]},{"@type":"BreadcrumbList","@id":"https:\/\/tedsandtails.de\/produkt\/set-halsband-leine-honey-haze\/#breadcrumb","itemListElement":[{"@type":"ListItem","position":1,"name":"Startseite","item":"https:\/\/tedsandtails.de\/"},{"@type":"ListItem","position":2,"name":"Shop","item":"https:\/\/tedsandtails.de\/shop\/"},{"@type":"ListItem","position":3,"name":"Set Halsband &amp; Leine &#8211; Honey Haze"}]},{"@type":"WebSite","@id":"https:\/\/tedsandtails.de\/#website","url":"https:\/\/tedsandtails.de\/","name":"TED&#039;S &amp; TAILS","description":"","publisher":{"@id":"https:\/\/tedsandtails.de\/#organization"},"potentialAction":[{"@type":"SearchAction","target":{"@type":"EntryPoint","urlTemplate":"https:\/\/tedsandtails.de\/?s={search_term_string}"},"query-input":"required name=search_term_string"}],"inLanguage":"en-GB"},{"@type":"Organization","@id":"https:\/\/tedsandtails.de\/#organization","name":"TED&#039;S &amp; TAILS","url":"https:\/\/tedsandtails.de\/","logo":{"@type":"ImageObject","inLanguage":"en-GB","@id":"https:\/\/tedsandtails.de\/#\/schema\/logo\/image\/","url":"https:\/\/tedsandtails.de\/wp-content\/uploads\/2022\/09\/Teddys-5.png","contentUrl":"https:\/\/tedsandtails.de\/wp-content\/uploads\/2022\/09\/Teddys-5.png","width":1080,"height":1080,"caption":"TED&#039;S &amp; TAILS"},"image":{"@id":"https:\/\/tedsandtails.de\/#\/schema\/logo\/image\/"}}]}},"_links":{"self":[{"href":"https:\/\/tedsandtails.de\/en\/wp-json\/wp\/v2\/product\/8210","targetHints":{"allow":["GET"]}}],"collection":[{"href":"https:\/\/tedsandtails.de\/en\/wp-json\/wp\/v2\/product"}],"about":[{"href":"https:\/\/tedsandtails.de\/en\/wp-json\/wp\/v2\/types\/product"}],"replies":[{"embeddable":true,"href":"https:\/\/tedsandtails.de\/en\/wp-json\/wp\/v2\/comments?post=8210"}],"wp:featuredmedia":[{"embeddable":true,"href":"https:\/\/tedsandtails.de\/en\/wp-json\/wp\/v2\/media\/8251"}],"wp:attachment":[{"href":"https:\/\/tedsandtails.de\/en\/wp-json\/wp\/v2\/media?parent=8210"}],"wp:term":[{"taxonomy":"product_cat","embeddable":true,"href":"https:\/\/tedsandtails.de\/en\/wp-json\/wp\/v2\/product_cat?post=8210"},{"taxonomy":"product_tag","embeddable":true,"href":"https:\/\/tedsandtails.de\/en\/wp-json\/wp\/v2\/product_tag?post=8210"}],"curies":[{"name":"wp","href":"https:\/\/api.w.org\/{rel}","templated":true}]}}