{"id":8264,"date":"2026-02-26T17:15:43","date_gmt":"2026-02-26T16:15:43","guid":{"rendered":"https:\/\/tedsandtails.de\/?post_type=product&#038;p=8264"},"modified":"2026-02-26T17:15:50","modified_gmt":"2026-02-26T16:15:50","slug":"hundespielzeug-hoppin-easter-baby-chick","status":"publish","type":"product","link":"https:\/\/tedsandtails.de\/en\/product\/hundespielzeug-hoppin-easter-baby-chick\/","title":{"rendered":"Hundespielzeug &#8211; Hoppin\u2019 Easter Baby Chick"},"content":{"rendered":"<p>Dieses 2-in-1-Spielzeug besteht aus einem weichen Pl\u00fcschk\u00fcken und einer robusten, schadstofffreien Latex-Eierschale. Die Kombination aus kuscheliger und z\u00e4her Textur ist ideal f\u00fcr Hunde, die Abwechslung beim Spielen lieben. Verstecke Leckerlis in der Eierschale und lass deinen Hund sie aufsp\u00fcren, um ihm zus\u00e4tzliche Kauzeit und geistige Anregung zu bieten.<\/p>\n<p>Gr\u00f6\u00dfe des Pl\u00fcschspielzeugs: 20 cm x 18 cm x 12 cm<\/p>","protected":false},"excerpt":{"rendered":"<p>Dieses 2-in-1-Spielzeug besteht aus einem weichen Pl\u00fcschk\u00fcken und einer robusten, schadstofffreien Latex-Eierschale. Die Kombination aus kuscheliger und z\u00e4her Textur ist ideal f\u00fcr Hunde, die Abwechslung beim Spielen lieben. Verstecke Leckerlis in der Eierschale und lass deinen Hund sie aufsp\u00fcren, um ihm zus\u00e4tzliche Kauzeit und geistige Anregung zu bieten. Gr\u00f6\u00dfe des Pl\u00fcschspielzeugs: 20 cm x 18 [&hellip;]<\/p>","protected":false},"featured_media":8265,"comment_status":"open","ping_status":"closed","template":"","meta":[],"product_cat":[132],"product_tag":[],"class_list":{"0":"post-8264","1":"product","2":"type-product","3":"status-publish","4":"has-post-thumbnail","6":"product_cat-hundespielzeuge","8":"first","9":"instock","10":"shipping-taxable","11":"purchasable","12":"product-type-simple"},"yoast_head":"<!-- This site is optimized with the Yoast SEO plugin v20.12 - https:\/\/yoast.com\/wordpress\/plugins\/seo\/ -->\n<title>Hundespielzeug - Hoppin\u2019 Easter Baby Chick - TED&#039;S &amp; TAILS<\/title>\n<meta name=\"description\" content=\"Dieses 2-in-1-Spielzeug besteht aus einem weichen Pl\u00fcschk\u00fcken und einer robusten, schadstofffreien Latex-Eierschale. Die Kombination aus kuscheliger und z\u00e4her Textur ist ideal f\u00fcr Hunde, die Abwechslung beim Spielen lieben. Verstecke Leckerlis in der Eierschale und lass deinen Hund sie aufsp\u00fcren, um ihm zus\u00e4tzliche Kauzeit und geistige Anregung zu bieten.\u00a0\" \/>\n<meta name=\"robots\" content=\"index, follow, max-snippet:-1, max-image-preview:large, max-video-preview:-1\" \/>\n<link rel=\"canonical\" href=\"https:\/\/tedsandtails.de\/en\/product\/hundespielzeug-hoppin-easter-baby-chick\/\" \/>\n<meta property=\"og:locale\" content=\"en_GB\" \/>\n<meta property=\"og:type\" content=\"article\" \/>\n<meta property=\"og:title\" content=\"Hundespielzeug - Hoppin\u2019 Easter Baby Chick - TED&#039;S &amp; TAILS\" \/>\n<meta property=\"og:description\" content=\"Dieses 2-in-1-Spielzeug besteht aus einem weichen Pl\u00fcschk\u00fcken und einer robusten, schadstofffreien Latex-Eierschale. Die Kombination aus kuscheliger und z\u00e4her Textur ist ideal f\u00fcr Hunde, die Abwechslung beim Spielen lieben. Verstecke Leckerlis in der Eierschale und lass deinen Hund sie aufsp\u00fcren, um ihm zus\u00e4tzliche Kauzeit und geistige Anregung zu bieten.\u00a0\" \/>\n<meta property=\"og:url\" content=\"https:\/\/tedsandtails.de\/en\/product\/hundespielzeug-hoppin-easter-baby-chick\/\" \/>\n<meta property=\"og:site_name\" content=\"TED&#039;S &amp; TAILS\" \/>\n<meta property=\"article:modified_time\" content=\"2026-02-26T16:15:50+00:00\" \/>\n<meta property=\"og:image\" content=\"https:\/\/tedsandtails.de\/wp-content\/uploads\/2026\/02\/HS10921-2.jpg\" \/>\n\t<meta property=\"og:image:width\" content=\"600\" \/>\n\t<meta property=\"og:image:height\" content=\"600\" \/>\n\t<meta property=\"og:image:type\" content=\"image\/jpeg\" \/>\n<meta name=\"twitter:card\" content=\"summary_large_image\" \/>\n<meta name=\"twitter:label1\" content=\"Est. reading time\" \/>\n\t<meta name=\"twitter:data1\" content=\"1 minute\" \/>\n<script type=\"application\/ld+json\" class=\"yoast-schema-graph\">{\"@context\":\"https:\/\/schema.org\",\"@graph\":[{\"@type\":\"WebPage\",\"@id\":\"https:\/\/tedsandtails.de\/produkt\/hundespielzeug-hoppin-easter-baby-chick\/\",\"url\":\"https:\/\/tedsandtails.de\/produkt\/hundespielzeug-hoppin-easter-baby-chick\/\",\"name\":\"Hundespielzeug - Hoppin\u2019 Easter Baby Chick - TED&#039;S &amp; TAILS\",\"isPartOf\":{\"@id\":\"https:\/\/tedsandtails.de\/#website\"},\"datePublished\":\"2026-02-26T16:15:43+00:00\",\"dateModified\":\"2026-02-26T16:15:50+00:00\",\"description\":\"Dieses 2-in-1-Spielzeug besteht aus einem weichen Pl\u00fcschk\u00fcken und einer robusten, schadstofffreien Latex-Eierschale. Die Kombination aus kuscheliger und z\u00e4her Textur ist ideal f\u00fcr Hunde, die Abwechslung beim Spielen lieben. Verstecke Leckerlis in der Eierschale und lass deinen Hund sie aufsp\u00fcren, um ihm zus\u00e4tzliche Kauzeit und geistige Anregung zu bieten.\u00a0\",\"breadcrumb\":{\"@id\":\"https:\/\/tedsandtails.de\/produkt\/hundespielzeug-hoppin-easter-baby-chick\/#breadcrumb\"},\"inLanguage\":\"en-GB\",\"potentialAction\":[{\"@type\":\"ReadAction\",\"target\":[\"https:\/\/tedsandtails.de\/produkt\/hundespielzeug-hoppin-easter-baby-chick\/\"]}]},{\"@type\":\"BreadcrumbList\",\"@id\":\"https:\/\/tedsandtails.de\/produkt\/hundespielzeug-hoppin-easter-baby-chick\/#breadcrumb\",\"itemListElement\":[{\"@type\":\"ListItem\",\"position\":1,\"name\":\"Startseite\",\"item\":\"https:\/\/tedsandtails.de\/\"},{\"@type\":\"ListItem\",\"position\":2,\"name\":\"Shop\",\"item\":\"https:\/\/tedsandtails.de\/shop\/\"},{\"@type\":\"ListItem\",\"position\":3,\"name\":\"Hundespielzeug &#8211; Hoppin\u2019 Easter Baby Chick\"}]},{\"@type\":\"WebSite\",\"@id\":\"https:\/\/tedsandtails.de\/#website\",\"url\":\"https:\/\/tedsandtails.de\/\",\"name\":\"TED&#039;S &amp; TAILS\",\"description\":\"\",\"publisher\":{\"@id\":\"https:\/\/tedsandtails.de\/#organization\"},\"potentialAction\":[{\"@type\":\"SearchAction\",\"target\":{\"@type\":\"EntryPoint\",\"urlTemplate\":\"https:\/\/tedsandtails.de\/?s={search_term_string}\"},\"query-input\":\"required name=search_term_string\"}],\"inLanguage\":\"en-GB\"},{\"@type\":\"Organization\",\"@id\":\"https:\/\/tedsandtails.de\/#organization\",\"name\":\"TED&#039;S &amp; TAILS\",\"url\":\"https:\/\/tedsandtails.de\/\",\"logo\":{\"@type\":\"ImageObject\",\"inLanguage\":\"en-GB\",\"@id\":\"https:\/\/tedsandtails.de\/#\/schema\/logo\/image\/\",\"url\":\"https:\/\/tedsandtails.de\/wp-content\/uploads\/2022\/09\/Teddys-5.png\",\"contentUrl\":\"https:\/\/tedsandtails.de\/wp-content\/uploads\/2022\/09\/Teddys-5.png\",\"width\":1080,\"height\":1080,\"caption\":\"TED&#039;S &amp; TAILS\"},\"image\":{\"@id\":\"https:\/\/tedsandtails.de\/#\/schema\/logo\/image\/\"}}]}<\/script>\n<!-- \/ Yoast SEO plugin. -->","yoast_head_json":{"title":"Hundespielzeug - Hoppin\u2019 Easter Baby Chick - TED&#039;S &amp; TAILS","description":"Dieses 2-in-1-Spielzeug besteht aus einem weichen Pl\u00fcschk\u00fcken und einer robusten, schadstofffreien Latex-Eierschale. Die Kombination aus kuscheliger und z\u00e4her Textur ist ideal f\u00fcr Hunde, die Abwechslung beim Spielen lieben. Verstecke Leckerlis in der Eierschale und lass deinen Hund sie aufsp\u00fcren, um ihm zus\u00e4tzliche Kauzeit und geistige Anregung zu bieten.\u00a0","robots":{"index":"index","follow":"follow","max-snippet":"max-snippet:-1","max-image-preview":"max-image-preview:large","max-video-preview":"max-video-preview:-1"},"canonical":"https:\/\/tedsandtails.de\/en\/product\/hundespielzeug-hoppin-easter-baby-chick\/","og_locale":"en_GB","og_type":"article","og_title":"Hundespielzeug - Hoppin\u2019 Easter Baby Chick - TED&#039;S &amp; TAILS","og_description":"Dieses 2-in-1-Spielzeug besteht aus einem weichen Pl\u00fcschk\u00fcken und einer robusten, schadstofffreien Latex-Eierschale. Die Kombination aus kuscheliger und z\u00e4her Textur ist ideal f\u00fcr Hunde, die Abwechslung beim Spielen lieben. Verstecke Leckerlis in der Eierschale und lass deinen Hund sie aufsp\u00fcren, um ihm zus\u00e4tzliche Kauzeit und geistige Anregung zu bieten.\u00a0","og_url":"https:\/\/tedsandtails.de\/en\/product\/hundespielzeug-hoppin-easter-baby-chick\/","og_site_name":"TED&#039;S &amp; TAILS","article_modified_time":"2026-02-26T16:15:50+00:00","og_image":[{"width":600,"height":600,"url":"https:\/\/tedsandtails.de\/wp-content\/uploads\/2026\/02\/HS10921-2.jpg","type":"image\/jpeg"}],"twitter_card":"summary_large_image","twitter_misc":{"Est. reading time":"1 minute"},"schema":{"@context":"https:\/\/schema.org","@graph":[{"@type":"WebPage","@id":"https:\/\/tedsandtails.de\/produkt\/hundespielzeug-hoppin-easter-baby-chick\/","url":"https:\/\/tedsandtails.de\/produkt\/hundespielzeug-hoppin-easter-baby-chick\/","name":"Hundespielzeug - Hoppin\u2019 Easter Baby Chick - TED&#039;S &amp; TAILS","isPartOf":{"@id":"https:\/\/tedsandtails.de\/#website"},"datePublished":"2026-02-26T16:15:43+00:00","dateModified":"2026-02-26T16:15:50+00:00","description":"Dieses 2-in-1-Spielzeug besteht aus einem weichen Pl\u00fcschk\u00fcken und einer robusten, schadstofffreien Latex-Eierschale. Die Kombination aus kuscheliger und z\u00e4her Textur ist ideal f\u00fcr Hunde, die Abwechslung beim Spielen lieben. Verstecke Leckerlis in der Eierschale und lass deinen Hund sie aufsp\u00fcren, um ihm zus\u00e4tzliche Kauzeit und geistige Anregung zu bieten.\u00a0","breadcrumb":{"@id":"https:\/\/tedsandtails.de\/produkt\/hundespielzeug-hoppin-easter-baby-chick\/#breadcrumb"},"inLanguage":"en-GB","potentialAction":[{"@type":"ReadAction","target":["https:\/\/tedsandtails.de\/produkt\/hundespielzeug-hoppin-easter-baby-chick\/"]}]},{"@type":"BreadcrumbList","@id":"https:\/\/tedsandtails.de\/produkt\/hundespielzeug-hoppin-easter-baby-chick\/#breadcrumb","itemListElement":[{"@type":"ListItem","position":1,"name":"Startseite","item":"https:\/\/tedsandtails.de\/"},{"@type":"ListItem","position":2,"name":"Shop","item":"https:\/\/tedsandtails.de\/shop\/"},{"@type":"ListItem","position":3,"name":"Hundespielzeug &#8211; Hoppin\u2019 Easter Baby Chick"}]},{"@type":"WebSite","@id":"https:\/\/tedsandtails.de\/#website","url":"https:\/\/tedsandtails.de\/","name":"TED&#039;S &amp; TAILS","description":"","publisher":{"@id":"https:\/\/tedsandtails.de\/#organization"},"potentialAction":[{"@type":"SearchAction","target":{"@type":"EntryPoint","urlTemplate":"https:\/\/tedsandtails.de\/?s={search_term_string}"},"query-input":"required name=search_term_string"}],"inLanguage":"en-GB"},{"@type":"Organization","@id":"https:\/\/tedsandtails.de\/#organization","name":"TED&#039;S &amp; TAILS","url":"https:\/\/tedsandtails.de\/","logo":{"@type":"ImageObject","inLanguage":"en-GB","@id":"https:\/\/tedsandtails.de\/#\/schema\/logo\/image\/","url":"https:\/\/tedsandtails.de\/wp-content\/uploads\/2022\/09\/Teddys-5.png","contentUrl":"https:\/\/tedsandtails.de\/wp-content\/uploads\/2022\/09\/Teddys-5.png","width":1080,"height":1080,"caption":"TED&#039;S &amp; TAILS"},"image":{"@id":"https:\/\/tedsandtails.de\/#\/schema\/logo\/image\/"}}]}},"_links":{"self":[{"href":"https:\/\/tedsandtails.de\/en\/wp-json\/wp\/v2\/product\/8264","targetHints":{"allow":["GET"]}}],"collection":[{"href":"https:\/\/tedsandtails.de\/en\/wp-json\/wp\/v2\/product"}],"about":[{"href":"https:\/\/tedsandtails.de\/en\/wp-json\/wp\/v2\/types\/product"}],"replies":[{"embeddable":true,"href":"https:\/\/tedsandtails.de\/en\/wp-json\/wp\/v2\/comments?post=8264"}],"wp:featuredmedia":[{"embeddable":true,"href":"https:\/\/tedsandtails.de\/en\/wp-json\/wp\/v2\/media\/8265"}],"wp:attachment":[{"href":"https:\/\/tedsandtails.de\/en\/wp-json\/wp\/v2\/media?parent=8264"}],"wp:term":[{"taxonomy":"product_cat","embeddable":true,"href":"https:\/\/tedsandtails.de\/en\/wp-json\/wp\/v2\/product_cat?post=8264"},{"taxonomy":"product_tag","embeddable":true,"href":"https:\/\/tedsandtails.de\/en\/wp-json\/wp\/v2\/product_tag?post=8264"}],"curies":[{"name":"wp","href":"https:\/\/api.w.org\/{rel}","templated":true}]}}