{"id":8296,"date":"2026-02-26T17:11:33","date_gmt":"2026-02-26T16:11:33","guid":{"rendered":"https:\/\/tedsandtails.de\/?post_type=product&#038;p=8296"},"modified":"2026-02-26T17:11:42","modified_gmt":"2026-02-26T16:11:42","slug":"hundespielzeug-strawberry-ball","status":"publish","type":"product","link":"https:\/\/tedsandtails.de\/en\/product\/hundespielzeug-strawberry-ball\/","title":{"rendered":"Hundespielzeug &#8211; Strawberry Ball"},"content":{"rendered":"<p>Ein Noppenball mit Quietscher und einem Pl\u00fcschbezug in Form einer Erdbeere.<\/p>\n<p>Eigenschaften:<br \/>\n&#8211; Interaktives 2-in-1-Spielzeug.<br \/>\n&#8211; Superweicher Pl\u00fcschstoff.<br \/>\n&#8211; Perfekt f\u00fcr stundenlanges Apportieren.<\/p>\n<p>Gr\u00f6\u00dfe: 10,15 x 10,15 x 12,45 cm<\/p>","protected":false},"excerpt":{"rendered":"<p>Ein Noppenball mit Quietscher und einem Pl\u00fcschbezug in Form einer Erdbeere. Eigenschaften: &#8211; Interaktives 2-in-1-Spielzeug. &#8211; Superweicher Pl\u00fcschstoff. &#8211; Perfekt f\u00fcr stundenlanges Apportieren. Gr\u00f6\u00dfe: 10,15 x 10,15 x 12,45 cm<\/p>","protected":false},"featured_media":8297,"comment_status":"open","ping_status":"closed","template":"","meta":[],"product_cat":[132],"product_tag":[],"class_list":{"0":"post-8296","1":"product","2":"type-product","3":"status-publish","4":"has-post-thumbnail","6":"product_cat-hundespielzeuge","8":"first","9":"instock","10":"shipping-taxable","11":"purchasable","12":"product-type-simple"},"yoast_head":"<!-- This site is optimized with the Yoast SEO plugin v20.12 - https:\/\/yoast.com\/wordpress\/plugins\/seo\/ -->\n<title>Hundespielzeug - Strawberry Ball - TED&#039;S &amp; TAILS<\/title>\n<meta name=\"description\" content=\"Ein Noppenball mit Quietscher und einem Pl\u00fcschbezug in Form einer Erdbeere.Eigenschaften:- Interaktives 2-in-1-Spielzeug.- Superweicher Pl\u00fcschstoff.- Perfekt f\u00fcr stundenlanges Apportieren.\" \/>\n<meta name=\"robots\" content=\"index, follow, max-snippet:-1, max-image-preview:large, max-video-preview:-1\" \/>\n<link rel=\"canonical\" href=\"https:\/\/tedsandtails.de\/en\/product\/hundespielzeug-strawberry-ball\/\" \/>\n<meta property=\"og:locale\" content=\"en_GB\" \/>\n<meta property=\"og:type\" content=\"article\" \/>\n<meta property=\"og:title\" content=\"Hundespielzeug - Strawberry Ball - TED&#039;S &amp; TAILS\" \/>\n<meta property=\"og:description\" content=\"Ein Noppenball mit Quietscher und einem Pl\u00fcschbezug in Form einer Erdbeere.Eigenschaften:- Interaktives 2-in-1-Spielzeug.- Superweicher Pl\u00fcschstoff.- Perfekt f\u00fcr stundenlanges Apportieren.\" \/>\n<meta property=\"og:url\" content=\"https:\/\/tedsandtails.de\/en\/product\/hundespielzeug-strawberry-ball\/\" \/>\n<meta property=\"og:site_name\" content=\"TED&#039;S &amp; TAILS\" \/>\n<meta property=\"article:modified_time\" content=\"2026-02-26T16:11:42+00:00\" \/>\n<meta property=\"og:image\" content=\"https:\/\/tedsandtails.de\/wp-content\/uploads\/2026\/02\/HS10753.jpg\" \/>\n\t<meta property=\"og:image:width\" content=\"600\" \/>\n\t<meta property=\"og:image:height\" content=\"600\" \/>\n\t<meta property=\"og:image:type\" content=\"image\/jpeg\" \/>\n<meta name=\"twitter:card\" content=\"summary_large_image\" \/>\n<meta name=\"twitter:label1\" content=\"Est. reading time\" \/>\n\t<meta name=\"twitter:data1\" content=\"1 minute\" \/>\n<script type=\"application\/ld+json\" class=\"yoast-schema-graph\">{\"@context\":\"https:\/\/schema.org\",\"@graph\":[{\"@type\":\"WebPage\",\"@id\":\"https:\/\/tedsandtails.de\/produkt\/hundespielzeug-strawberry-ball\/\",\"url\":\"https:\/\/tedsandtails.de\/produkt\/hundespielzeug-strawberry-ball\/\",\"name\":\"Hundespielzeug - Strawberry Ball - TED&#039;S &amp; TAILS\",\"isPartOf\":{\"@id\":\"https:\/\/tedsandtails.de\/#website\"},\"datePublished\":\"2026-02-26T16:11:33+00:00\",\"dateModified\":\"2026-02-26T16:11:42+00:00\",\"description\":\"Ein Noppenball mit Quietscher und einem Pl\u00fcschbezug in Form einer Erdbeere.Eigenschaften:- Interaktives 2-in-1-Spielzeug.- Superweicher Pl\u00fcschstoff.- Perfekt f\u00fcr stundenlanges Apportieren.\",\"breadcrumb\":{\"@id\":\"https:\/\/tedsandtails.de\/produkt\/hundespielzeug-strawberry-ball\/#breadcrumb\"},\"inLanguage\":\"en-GB\",\"potentialAction\":[{\"@type\":\"ReadAction\",\"target\":[\"https:\/\/tedsandtails.de\/produkt\/hundespielzeug-strawberry-ball\/\"]}]},{\"@type\":\"BreadcrumbList\",\"@id\":\"https:\/\/tedsandtails.de\/produkt\/hundespielzeug-strawberry-ball\/#breadcrumb\",\"itemListElement\":[{\"@type\":\"ListItem\",\"position\":1,\"name\":\"Startseite\",\"item\":\"https:\/\/tedsandtails.de\/\"},{\"@type\":\"ListItem\",\"position\":2,\"name\":\"Shop\",\"item\":\"https:\/\/tedsandtails.de\/shop\/\"},{\"@type\":\"ListItem\",\"position\":3,\"name\":\"Hundespielzeug &#8211; Strawberry Ball\"}]},{\"@type\":\"WebSite\",\"@id\":\"https:\/\/tedsandtails.de\/#website\",\"url\":\"https:\/\/tedsandtails.de\/\",\"name\":\"TED&#039;S &amp; TAILS\",\"description\":\"\",\"publisher\":{\"@id\":\"https:\/\/tedsandtails.de\/#organization\"},\"potentialAction\":[{\"@type\":\"SearchAction\",\"target\":{\"@type\":\"EntryPoint\",\"urlTemplate\":\"https:\/\/tedsandtails.de\/?s={search_term_string}\"},\"query-input\":\"required name=search_term_string\"}],\"inLanguage\":\"en-GB\"},{\"@type\":\"Organization\",\"@id\":\"https:\/\/tedsandtails.de\/#organization\",\"name\":\"TED&#039;S &amp; TAILS\",\"url\":\"https:\/\/tedsandtails.de\/\",\"logo\":{\"@type\":\"ImageObject\",\"inLanguage\":\"en-GB\",\"@id\":\"https:\/\/tedsandtails.de\/#\/schema\/logo\/image\/\",\"url\":\"https:\/\/tedsandtails.de\/wp-content\/uploads\/2022\/09\/Teddys-5.png\",\"contentUrl\":\"https:\/\/tedsandtails.de\/wp-content\/uploads\/2022\/09\/Teddys-5.png\",\"width\":1080,\"height\":1080,\"caption\":\"TED&#039;S &amp; TAILS\"},\"image\":{\"@id\":\"https:\/\/tedsandtails.de\/#\/schema\/logo\/image\/\"}}]}<\/script>\n<!-- \/ Yoast SEO plugin. -->","yoast_head_json":{"title":"Hundespielzeug - Strawberry Ball - TED&#039;S &amp; TAILS","description":"Ein Noppenball mit Quietscher und einem Pl\u00fcschbezug in Form einer Erdbeere.Eigenschaften:- Interaktives 2-in-1-Spielzeug.- Superweicher Pl\u00fcschstoff.- Perfekt f\u00fcr stundenlanges Apportieren.","robots":{"index":"index","follow":"follow","max-snippet":"max-snippet:-1","max-image-preview":"max-image-preview:large","max-video-preview":"max-video-preview:-1"},"canonical":"https:\/\/tedsandtails.de\/en\/product\/hundespielzeug-strawberry-ball\/","og_locale":"en_GB","og_type":"article","og_title":"Hundespielzeug - Strawberry Ball - TED&#039;S &amp; TAILS","og_description":"Ein Noppenball mit Quietscher und einem Pl\u00fcschbezug in Form einer Erdbeere.Eigenschaften:- Interaktives 2-in-1-Spielzeug.- Superweicher Pl\u00fcschstoff.- Perfekt f\u00fcr stundenlanges Apportieren.","og_url":"https:\/\/tedsandtails.de\/en\/product\/hundespielzeug-strawberry-ball\/","og_site_name":"TED&#039;S &amp; TAILS","article_modified_time":"2026-02-26T16:11:42+00:00","og_image":[{"width":600,"height":600,"url":"https:\/\/tedsandtails.de\/wp-content\/uploads\/2026\/02\/HS10753.jpg","type":"image\/jpeg"}],"twitter_card":"summary_large_image","twitter_misc":{"Est. reading time":"1 minute"},"schema":{"@context":"https:\/\/schema.org","@graph":[{"@type":"WebPage","@id":"https:\/\/tedsandtails.de\/produkt\/hundespielzeug-strawberry-ball\/","url":"https:\/\/tedsandtails.de\/produkt\/hundespielzeug-strawberry-ball\/","name":"Hundespielzeug - Strawberry Ball - TED&#039;S &amp; TAILS","isPartOf":{"@id":"https:\/\/tedsandtails.de\/#website"},"datePublished":"2026-02-26T16:11:33+00:00","dateModified":"2026-02-26T16:11:42+00:00","description":"Ein Noppenball mit Quietscher und einem Pl\u00fcschbezug in Form einer Erdbeere.Eigenschaften:- Interaktives 2-in-1-Spielzeug.- Superweicher Pl\u00fcschstoff.- Perfekt f\u00fcr stundenlanges Apportieren.","breadcrumb":{"@id":"https:\/\/tedsandtails.de\/produkt\/hundespielzeug-strawberry-ball\/#breadcrumb"},"inLanguage":"en-GB","potentialAction":[{"@type":"ReadAction","target":["https:\/\/tedsandtails.de\/produkt\/hundespielzeug-strawberry-ball\/"]}]},{"@type":"BreadcrumbList","@id":"https:\/\/tedsandtails.de\/produkt\/hundespielzeug-strawberry-ball\/#breadcrumb","itemListElement":[{"@type":"ListItem","position":1,"name":"Startseite","item":"https:\/\/tedsandtails.de\/"},{"@type":"ListItem","position":2,"name":"Shop","item":"https:\/\/tedsandtails.de\/shop\/"},{"@type":"ListItem","position":3,"name":"Hundespielzeug &#8211; Strawberry Ball"}]},{"@type":"WebSite","@id":"https:\/\/tedsandtails.de\/#website","url":"https:\/\/tedsandtails.de\/","name":"TED&#039;S &amp; TAILS","description":"","publisher":{"@id":"https:\/\/tedsandtails.de\/#organization"},"potentialAction":[{"@type":"SearchAction","target":{"@type":"EntryPoint","urlTemplate":"https:\/\/tedsandtails.de\/?s={search_term_string}"},"query-input":"required name=search_term_string"}],"inLanguage":"en-GB"},{"@type":"Organization","@id":"https:\/\/tedsandtails.de\/#organization","name":"TED&#039;S &amp; TAILS","url":"https:\/\/tedsandtails.de\/","logo":{"@type":"ImageObject","inLanguage":"en-GB","@id":"https:\/\/tedsandtails.de\/#\/schema\/logo\/image\/","url":"https:\/\/tedsandtails.de\/wp-content\/uploads\/2022\/09\/Teddys-5.png","contentUrl":"https:\/\/tedsandtails.de\/wp-content\/uploads\/2022\/09\/Teddys-5.png","width":1080,"height":1080,"caption":"TED&#039;S &amp; TAILS"},"image":{"@id":"https:\/\/tedsandtails.de\/#\/schema\/logo\/image\/"}}]}},"_links":{"self":[{"href":"https:\/\/tedsandtails.de\/en\/wp-json\/wp\/v2\/product\/8296","targetHints":{"allow":["GET"]}}],"collection":[{"href":"https:\/\/tedsandtails.de\/en\/wp-json\/wp\/v2\/product"}],"about":[{"href":"https:\/\/tedsandtails.de\/en\/wp-json\/wp\/v2\/types\/product"}],"replies":[{"embeddable":true,"href":"https:\/\/tedsandtails.de\/en\/wp-json\/wp\/v2\/comments?post=8296"}],"wp:featuredmedia":[{"embeddable":true,"href":"https:\/\/tedsandtails.de\/en\/wp-json\/wp\/v2\/media\/8297"}],"wp:attachment":[{"href":"https:\/\/tedsandtails.de\/en\/wp-json\/wp\/v2\/media?parent=8296"}],"wp:term":[{"taxonomy":"product_cat","embeddable":true,"href":"https:\/\/tedsandtails.de\/en\/wp-json\/wp\/v2\/product_cat?post=8296"},{"taxonomy":"product_tag","embeddable":true,"href":"https:\/\/tedsandtails.de\/en\/wp-json\/wp\/v2\/product_tag?post=8296"}],"curies":[{"name":"wp","href":"https:\/\/api.w.org\/{rel}","templated":true}]}}