{"id":8425,"date":"2026-03-06T19:54:52","date_gmt":"2026-03-06T18:54:52","guid":{"rendered":"https:\/\/tedsandtails.de\/?post_type=product&#038;p=8425"},"modified":"2026-04-14T15:57:18","modified_gmt":"2026-04-14T13:57:18","slug":"strap-y-hundegeschirr-blissful-beige-2","status":"publish","type":"product","link":"https:\/\/tedsandtails.de\/en\/product\/strap-y-hundegeschirr-blissful-beige-2\/","title":{"rendered":"Strap-Y-Hundegeschirr (L) &#8211; Blissful beige"},"content":{"rendered":"<p>Du bist auf der Suche nach den sch\u00f6nsten Accessoires f\u00fcr deinen Hund, die den aktuellen Trends entsprechen? Dann ist dieses Hundegeschirr aus der Blissful Beige Kollektion genau das Richtige f\u00fcr dich!<\/p>\n<p>Mix &amp; match with all the other products in this collection to complete the look.<\/p>\n<p>The dog harness is made of sturdy nylon webbing and cord, making it particularly comfortable and soft. The buckles and rings are gold and strong. The size and width of the straps, buckles and rings are matched to the size of the harness.<\/p>","protected":false},"excerpt":{"rendered":"<p>Du bist auf der Suche nach den sch\u00f6nsten Accessoires f\u00fcr deinen Hund, die den aktuellen Trends entsprechen? Dann ist dieses Hundegeschirr aus der Blissful Beige Kollektion genau das Richtige f\u00fcr dich! Mix &amp; Match mit allen anderen Produkten dieser Kollektion, um den Look zu vervollst\u00e4ndigen. Das Hundegeschirr ist aus stabilem Nylongurtband und Cord gefertigt, wodurch [&hellip;]<\/p>","protected":false},"featured_media":6750,"comment_status":"open","ping_status":"closed","template":"","meta":[],"product_cat":[18,32],"product_tag":[198,46,85,48,36,83,54,53,47,50,51,149,44,84,52],"class_list":{"0":"post-8425","1":"product","2":"type-product","3":"status-publish","4":"has-post-thumbnail","6":"product_cat-hundegeschirre","7":"product_cat-blissful-beige","8":"product_tag-beige","9":"product_tag-dog-accessories","10":"product_tag-dog-set","11":"product_tag-dogs","12":"product_tag-geschirr","13":"product_tag-geschirr-set","14":"product_tag-harnas","15":"product_tag-harness","16":"product_tag-honden","17":"product_tag-hondenaccessoires","18":"product_tag-hondentuigje","19":"product_tag-hundeaccessoires","20":"product_tag-hundezubehoer","21":"product_tag-set","22":"product_tag-tuigje","24":"first","25":"instock","26":"sale","27":"shipping-taxable","28":"purchasable","29":"product-type-variable"},"yoast_head":"<!-- This site is optimized with the Yoast SEO plugin v20.12 - https:\/\/yoast.com\/wordpress\/plugins\/seo\/ -->\n<title>Strap-Y-Hundegeschirr (L) - Blissful beige - TED&#039;S &amp; TAILS<\/title>\n<meta name=\"description\" content=\"Du bist auf der Suche nach den sch\u00f6nsten Accessoires f\u00fcr deinen Hund, die den aktuellen Trends entsprechen? Dann ist dieses Hundegeschirr aus der Blissful beige Kollektion genau das Richtige f\u00fcr dich! Mix &amp; Match mit allen anderen Produkten dieser Kollektion, um den Look zu vervollst\u00e4ndigen. Das Hundegeschirr ist aus stabilem Nylongurtband und Cord gefertigt, wodurch es besonders bequem und weich ist. Die Schnallen und Ringe sind gold und stark. Die Gr\u00f6\u00dfe und Breite der Gurte, Schnallen und Ringe sind auf die Gr\u00f6\u00dfe des Geschirrs abgestimmt.\" \/>\n<meta name=\"robots\" content=\"index, follow, max-snippet:-1, max-image-preview:large, max-video-preview:-1\" \/>\n<link rel=\"canonical\" href=\"https:\/\/tedsandtails.de\/en\/product\/strap-y-hundegeschirr-blissful-beige-2\/\" \/>\n<meta property=\"og:locale\" content=\"en_GB\" \/>\n<meta property=\"og:type\" content=\"article\" \/>\n<meta property=\"og:title\" content=\"Strap-Y-Hundegeschirr (L) - Blissful beige - TED&#039;S &amp; TAILS\" \/>\n<meta property=\"og:description\" content=\"Du bist auf der Suche nach den sch\u00f6nsten Accessoires f\u00fcr deinen Hund, die den aktuellen Trends entsprechen? Dann ist dieses Hundegeschirr aus der Blissful beige Kollektion genau das Richtige f\u00fcr dich! Mix &amp; Match mit allen anderen Produkten dieser Kollektion, um den Look zu vervollst\u00e4ndigen. Das Hundegeschirr ist aus stabilem Nylongurtband und Cord gefertigt, wodurch es besonders bequem und weich ist. Die Schnallen und Ringe sind gold und stark. Die Gr\u00f6\u00dfe und Breite der Gurte, Schnallen und Ringe sind auf die Gr\u00f6\u00dfe des Geschirrs abgestimmt.\" \/>\n<meta property=\"og:url\" content=\"https:\/\/tedsandtails.de\/en\/product\/strap-y-hundegeschirr-blissful-beige-2\/\" \/>\n<meta property=\"og:site_name\" content=\"TED&#039;S &amp; TAILS\" \/>\n<meta property=\"article:modified_time\" content=\"2026-04-14T13:57:18+00:00\" \/>\n<meta property=\"og:image\" content=\"https:\/\/tedsandtails.de\/wp-content\/uploads\/2025\/05\/4g1a7315-scaled.jpeg\" \/>\n\t<meta property=\"og:image:width\" content=\"1707\" \/>\n\t<meta property=\"og:image:height\" content=\"2560\" \/>\n\t<meta property=\"og:image:type\" content=\"image\/jpeg\" \/>\n<meta name=\"twitter:card\" content=\"summary_large_image\" \/>\n<meta name=\"twitter:label1\" content=\"Est. reading time\" \/>\n\t<meta name=\"twitter:data1\" content=\"1 minute\" \/>\n<script type=\"application\/ld+json\" class=\"yoast-schema-graph\">{\"@context\":\"https:\/\/schema.org\",\"@graph\":[{\"@type\":\"WebPage\",\"@id\":\"https:\/\/tedsandtails.de\/produkt\/strap-y-hundegeschirr-blissful-beige-2\/\",\"url\":\"https:\/\/tedsandtails.de\/produkt\/strap-y-hundegeschirr-blissful-beige-2\/\",\"name\":\"Strap-Y-Hundegeschirr (L) - Blissful beige - TED&#039;S &amp; TAILS\",\"isPartOf\":{\"@id\":\"https:\/\/tedsandtails.de\/#website\"},\"datePublished\":\"2026-03-06T18:54:52+00:00\",\"dateModified\":\"2026-04-14T13:57:18+00:00\",\"description\":\"Du bist auf der Suche nach den sch\u00f6nsten Accessoires f\u00fcr deinen Hund, die den aktuellen Trends entsprechen? Dann ist dieses Hundegeschirr aus der Blissful beige Kollektion genau das Richtige f\u00fcr dich! Mix & Match mit allen anderen Produkten dieser Kollektion, um den Look zu vervollst\u00e4ndigen. Das Hundegeschirr ist aus stabilem Nylongurtband und Cord gefertigt, wodurch es besonders bequem und weich ist. Die Schnallen und Ringe sind gold und stark. Die Gr\u00f6\u00dfe und Breite der Gurte, Schnallen und Ringe sind auf die Gr\u00f6\u00dfe des Geschirrs abgestimmt.\",\"breadcrumb\":{\"@id\":\"https:\/\/tedsandtails.de\/produkt\/strap-y-hundegeschirr-blissful-beige-2\/#breadcrumb\"},\"inLanguage\":\"en-GB\",\"potentialAction\":[{\"@type\":\"ReadAction\",\"target\":[\"https:\/\/tedsandtails.de\/produkt\/strap-y-hundegeschirr-blissful-beige-2\/\"]}]},{\"@type\":\"BreadcrumbList\",\"@id\":\"https:\/\/tedsandtails.de\/produkt\/strap-y-hundegeschirr-blissful-beige-2\/#breadcrumb\",\"itemListElement\":[{\"@type\":\"ListItem\",\"position\":1,\"name\":\"Startseite\",\"item\":\"https:\/\/tedsandtails.de\/\"},{\"@type\":\"ListItem\",\"position\":2,\"name\":\"Shop\",\"item\":\"https:\/\/tedsandtails.de\/shop\/\"},{\"@type\":\"ListItem\",\"position\":3,\"name\":\"Strap-Y-Hundegeschirr (L) &#8211; Blissful beige\"}]},{\"@type\":\"WebSite\",\"@id\":\"https:\/\/tedsandtails.de\/#website\",\"url\":\"https:\/\/tedsandtails.de\/\",\"name\":\"TED&#039;S &amp; TAILS\",\"description\":\"\",\"publisher\":{\"@id\":\"https:\/\/tedsandtails.de\/#organization\"},\"potentialAction\":[{\"@type\":\"SearchAction\",\"target\":{\"@type\":\"EntryPoint\",\"urlTemplate\":\"https:\/\/tedsandtails.de\/?s={search_term_string}\"},\"query-input\":\"required name=search_term_string\"}],\"inLanguage\":\"en-GB\"},{\"@type\":\"Organization\",\"@id\":\"https:\/\/tedsandtails.de\/#organization\",\"name\":\"TED&#039;S &amp; TAILS\",\"url\":\"https:\/\/tedsandtails.de\/\",\"logo\":{\"@type\":\"ImageObject\",\"inLanguage\":\"en-GB\",\"@id\":\"https:\/\/tedsandtails.de\/#\/schema\/logo\/image\/\",\"url\":\"https:\/\/tedsandtails.de\/wp-content\/uploads\/2022\/09\/Teddys-5.png\",\"contentUrl\":\"https:\/\/tedsandtails.de\/wp-content\/uploads\/2022\/09\/Teddys-5.png\",\"width\":1080,\"height\":1080,\"caption\":\"TED&#039;S &amp; TAILS\"},\"image\":{\"@id\":\"https:\/\/tedsandtails.de\/#\/schema\/logo\/image\/\"}}]}<\/script>\n<!-- \/ Yoast SEO plugin. -->","yoast_head_json":{"title":"Strap-Y-Hundegeschirr (L) - Blissful beige - TED&#039;S &amp; TAILS","description":"Du bist auf der Suche nach den sch\u00f6nsten Accessoires f\u00fcr deinen Hund, die den aktuellen Trends entsprechen? Dann ist dieses Hundegeschirr aus der Blissful beige Kollektion genau das Richtige f\u00fcr dich! Mix & Match mit allen anderen Produkten dieser Kollektion, um den Look zu vervollst\u00e4ndigen. Das Hundegeschirr ist aus stabilem Nylongurtband und Cord gefertigt, wodurch es besonders bequem und weich ist. Die Schnallen und Ringe sind gold und stark. Die Gr\u00f6\u00dfe und Breite der Gurte, Schnallen und Ringe sind auf die Gr\u00f6\u00dfe des Geschirrs abgestimmt.","robots":{"index":"index","follow":"follow","max-snippet":"max-snippet:-1","max-image-preview":"max-image-preview:large","max-video-preview":"max-video-preview:-1"},"canonical":"https:\/\/tedsandtails.de\/en\/product\/strap-y-hundegeschirr-blissful-beige-2\/","og_locale":"en_GB","og_type":"article","og_title":"Strap-Y-Hundegeschirr (L) - Blissful beige - TED&#039;S &amp; TAILS","og_description":"Du bist auf der Suche nach den sch\u00f6nsten Accessoires f\u00fcr deinen Hund, die den aktuellen Trends entsprechen? Dann ist dieses Hundegeschirr aus der Blissful beige Kollektion genau das Richtige f\u00fcr dich! Mix & Match mit allen anderen Produkten dieser Kollektion, um den Look zu vervollst\u00e4ndigen. Das Hundegeschirr ist aus stabilem Nylongurtband und Cord gefertigt, wodurch es besonders bequem und weich ist. Die Schnallen und Ringe sind gold und stark. Die Gr\u00f6\u00dfe und Breite der Gurte, Schnallen und Ringe sind auf die Gr\u00f6\u00dfe des Geschirrs abgestimmt.","og_url":"https:\/\/tedsandtails.de\/en\/product\/strap-y-hundegeschirr-blissful-beige-2\/","og_site_name":"TED&#039;S &amp; TAILS","article_modified_time":"2026-04-14T13:57:18+00:00","og_image":[{"width":1707,"height":2560,"url":"https:\/\/tedsandtails.de\/wp-content\/uploads\/2025\/05\/4g1a7315-scaled.jpeg","type":"image\/jpeg"}],"twitter_card":"summary_large_image","twitter_misc":{"Est. reading time":"1 minute"},"schema":{"@context":"https:\/\/schema.org","@graph":[{"@type":"WebPage","@id":"https:\/\/tedsandtails.de\/produkt\/strap-y-hundegeschirr-blissful-beige-2\/","url":"https:\/\/tedsandtails.de\/produkt\/strap-y-hundegeschirr-blissful-beige-2\/","name":"Strap-Y-Hundegeschirr (L) - Blissful beige - TED&#039;S &amp; TAILS","isPartOf":{"@id":"https:\/\/tedsandtails.de\/#website"},"datePublished":"2026-03-06T18:54:52+00:00","dateModified":"2026-04-14T13:57:18+00:00","description":"Du bist auf der Suche nach den sch\u00f6nsten Accessoires f\u00fcr deinen Hund, die den aktuellen Trends entsprechen? Dann ist dieses Hundegeschirr aus der Blissful beige Kollektion genau das Richtige f\u00fcr dich! Mix & Match mit allen anderen Produkten dieser Kollektion, um den Look zu vervollst\u00e4ndigen. Das Hundegeschirr ist aus stabilem Nylongurtband und Cord gefertigt, wodurch es besonders bequem und weich ist. Die Schnallen und Ringe sind gold und stark. Die Gr\u00f6\u00dfe und Breite der Gurte, Schnallen und Ringe sind auf die Gr\u00f6\u00dfe des Geschirrs abgestimmt.","breadcrumb":{"@id":"https:\/\/tedsandtails.de\/produkt\/strap-y-hundegeschirr-blissful-beige-2\/#breadcrumb"},"inLanguage":"en-GB","potentialAction":[{"@type":"ReadAction","target":["https:\/\/tedsandtails.de\/produkt\/strap-y-hundegeschirr-blissful-beige-2\/"]}]},{"@type":"BreadcrumbList","@id":"https:\/\/tedsandtails.de\/produkt\/strap-y-hundegeschirr-blissful-beige-2\/#breadcrumb","itemListElement":[{"@type":"ListItem","position":1,"name":"Startseite","item":"https:\/\/tedsandtails.de\/"},{"@type":"ListItem","position":2,"name":"Shop","item":"https:\/\/tedsandtails.de\/shop\/"},{"@type":"ListItem","position":3,"name":"Strap-Y-Hundegeschirr (L) &#8211; Blissful beige"}]},{"@type":"WebSite","@id":"https:\/\/tedsandtails.de\/#website","url":"https:\/\/tedsandtails.de\/","name":"TED&#039;S &amp; TAILS","description":"","publisher":{"@id":"https:\/\/tedsandtails.de\/#organization"},"potentialAction":[{"@type":"SearchAction","target":{"@type":"EntryPoint","urlTemplate":"https:\/\/tedsandtails.de\/?s={search_term_string}"},"query-input":"required name=search_term_string"}],"inLanguage":"en-GB"},{"@type":"Organization","@id":"https:\/\/tedsandtails.de\/#organization","name":"TED&#039;S &amp; TAILS","url":"https:\/\/tedsandtails.de\/","logo":{"@type":"ImageObject","inLanguage":"en-GB","@id":"https:\/\/tedsandtails.de\/#\/schema\/logo\/image\/","url":"https:\/\/tedsandtails.de\/wp-content\/uploads\/2022\/09\/Teddys-5.png","contentUrl":"https:\/\/tedsandtails.de\/wp-content\/uploads\/2022\/09\/Teddys-5.png","width":1080,"height":1080,"caption":"TED&#039;S &amp; TAILS"},"image":{"@id":"https:\/\/tedsandtails.de\/#\/schema\/logo\/image\/"}}]}},"_links":{"self":[{"href":"https:\/\/tedsandtails.de\/en\/wp-json\/wp\/v2\/product\/8425","targetHints":{"allow":["GET"]}}],"collection":[{"href":"https:\/\/tedsandtails.de\/en\/wp-json\/wp\/v2\/product"}],"about":[{"href":"https:\/\/tedsandtails.de\/en\/wp-json\/wp\/v2\/types\/product"}],"replies":[{"embeddable":true,"href":"https:\/\/tedsandtails.de\/en\/wp-json\/wp\/v2\/comments?post=8425"}],"wp:featuredmedia":[{"embeddable":true,"href":"https:\/\/tedsandtails.de\/en\/wp-json\/wp\/v2\/media\/6750"}],"wp:attachment":[{"href":"https:\/\/tedsandtails.de\/en\/wp-json\/wp\/v2\/media?parent=8425"}],"wp:term":[{"taxonomy":"product_cat","embeddable":true,"href":"https:\/\/tedsandtails.de\/en\/wp-json\/wp\/v2\/product_cat?post=8425"},{"taxonomy":"product_tag","embeddable":true,"href":"https:\/\/tedsandtails.de\/en\/wp-json\/wp\/v2\/product_tag?post=8425"}],"curies":[{"name":"wp","href":"https:\/\/api.w.org\/{rel}","templated":true}]}}